{"id":79,"date":"2021-09-12T18:03:38","date_gmt":"2021-09-12T18:03:38","guid":{"rendered":"https:\/\/www.anneisopp.at\/?page_id=79"},"modified":"2022-10-07T12:47:43","modified_gmt":"2022-10-07T12:47:43","slug":"ueber-mich","status":"publish","type":"page","link":"https:\/\/www.anneisopp.at\/?page_id=79","title":{"rendered":"\u00dcber mich"},"content":{"rendered":"<div id=\"cs-content\" class=\"cs-content\"><\/div>\n","protected":false},"excerpt":{"rendered":"<p>Anne Isopp Architekturjournalistin mail@anneisopp.at\u00dcber michIch bin freie Architekturjournalistin und Chefredakteurin.Lebenslauf Chefredakteurin der ARCH (seit Herbst 2020) Chefredakteurin der Zeitschrift Zuschnitt (2009\u20132020) \u00d6sterreich Korrespondentin f\u00fcr A10 (2005-2016) seit 2005 freie Architekturjournalistin 2003\u20132005 Masterstudium \u201eQualit\u00e4tsjournalismus\u201c an der Donau-Universit\u00e4t in Krems\/Donau 1999\u20132003 t\u00e4tig als Architektin in Hamburg f\u00fcr div. Architekturb\u00fcros Studium der Architektur in Graz und Delft geboren in K\u00f6ln Sonstiges 2013, 2015 und 2017, 2019 Expertin f\u00fcr den Mies van der Rohe Preis seit 2016 national selector for Piranesi Award 2020 Masterclass \u201aInnovationen im Journalismus\u2018 am fjum 2014 Sch\u00fctte Lihotzky Stipendium Foto: Larry Williams<\/p>\n","protected":false},"author":1,"featured_media":0,"parent":0,"menu_order":0,"comment_status":"closed","ping_status":"closed","template":"template-blank-4.php","meta":[],"yoast_head":"<!-- This site is optimized with the Yoast SEO plugin v20.3 - https:\/\/yoast.com\/wordpress\/plugins\/seo\/ -->\n<title>\u00dcber mich - Anne Isopp \u2013 Architekturjournalistin<\/title>\n<meta name=\"robots\" content=\"index, follow, max-snippet:-1, max-image-preview:large, max-video-preview:-1\" \/>\n<link rel=\"canonical\" href=\"https:\/\/www.anneisopp.at\/?page_id=79\" \/>\n<meta property=\"og:locale\" content=\"de_DE\" \/>\n<meta property=\"og:type\" content=\"article\" \/>\n<meta property=\"og:title\" content=\"\u00dcber mich - Anne Isopp \u2013 Architekturjournalistin\" \/>\n<meta property=\"og:description\" content=\"Anne Isopp Architekturjournalistin mail@anneisopp.at\u00dcber michIch bin freie Architekturjournalistin und Chefredakteurin.Lebenslauf Chefredakteurin der ARCH (seit Herbst 2020) Chefredakteurin der Zeitschrift Zuschnitt (2009\u20132020) \u00d6sterreich Korrespondentin f\u00fcr A10 (2005-2016) seit 2005 freie Architekturjournalistin 2003\u20132005 Masterstudium \u201eQualit\u00e4tsjournalismus\u201c an der Donau-Universit\u00e4t in Krems\/Donau 1999\u20132003 t\u00e4tig als Architektin in Hamburg f\u00fcr div. Architekturb\u00fcros Studium der Architektur in Graz und Delft geboren in K\u00f6ln Sonstiges 2013, 2015 und 2017, 2019 Expertin f\u00fcr den Mies van der Rohe Preis seit 2016 national selector for Piranesi Award 2020 Masterclass \u201aInnovationen im Journalismus\u2018 am fjum 2014 Sch\u00fctte Lihotzky Stipendium Foto: Larry Williams\" \/>\n<meta property=\"og:url\" content=\"https:\/\/www.anneisopp.at\/?page_id=79\" \/>\n<meta property=\"og:site_name\" content=\"Anne Isopp \u2013 Architekturjournalistin\" \/>\n<meta property=\"article:modified_time\" content=\"2022-10-07T12:47:43+00:00\" \/>\n<meta name=\"twitter:card\" content=\"summary_large_image\" \/>\n<meta name=\"twitter:label1\" content=\"Gesch\u00e4tzte Lesezeit\" \/>\n\t<meta name=\"twitter:data1\" content=\"1 Minute\" \/>\n<script type=\"application\/ld+json\" class=\"yoast-schema-graph\">{\"@context\":\"https:\/\/schema.org\",\"@graph\":[{\"@type\":\"WebPage\",\"@id\":\"https:\/\/www.anneisopp.at\/?page_id=79\",\"url\":\"https:\/\/www.anneisopp.at\/?page_id=79\",\"name\":\"\u00dcber mich - Anne Isopp \u2013 Architekturjournalistin\",\"isPartOf\":{\"@id\":\"https:\/\/www.anneisopp.at\/#website\"},\"datePublished\":\"2021-09-12T18:03:38+00:00\",\"dateModified\":\"2022-10-07T12:47:43+00:00\",\"breadcrumb\":{\"@id\":\"https:\/\/www.anneisopp.at\/?page_id=79#breadcrumb\"},\"inLanguage\":\"de-DE\",\"potentialAction\":[{\"@type\":\"ReadAction\",\"target\":[\"https:\/\/www.anneisopp.at\/?page_id=79\"]}]},{\"@type\":\"BreadcrumbList\",\"@id\":\"https:\/\/www.anneisopp.at\/?page_id=79#breadcrumb\",\"itemListElement\":[{\"@type\":\"ListItem\",\"position\":1,\"name\":\"Home\",\"item\":\"https:\/\/www.anneisopp.at\/\"},{\"@type\":\"ListItem\",\"position\":2,\"name\":\"\u00dcber mich\"}]},{\"@type\":\"WebSite\",\"@id\":\"https:\/\/www.anneisopp.at\/#website\",\"url\":\"https:\/\/www.anneisopp.at\/\",\"name\":\"Anne Isopp \u2013 Architekturjournalistin\",\"description\":\"\",\"potentialAction\":[{\"@type\":\"SearchAction\",\"target\":{\"@type\":\"EntryPoint\",\"urlTemplate\":\"https:\/\/www.anneisopp.at\/?s={search_term_string}\"},\"query-input\":\"required name=search_term_string\"}],\"inLanguage\":\"de-DE\"}]}<\/script>\n<!-- \/ Yoast SEO plugin. -->","yoast_head_json":{"title":"\u00dcber mich - Anne Isopp \u2013 Architekturjournalistin","robots":{"index":"index","follow":"follow","max-snippet":"max-snippet:-1","max-image-preview":"max-image-preview:large","max-video-preview":"max-video-preview:-1"},"canonical":"https:\/\/www.anneisopp.at\/?page_id=79","og_locale":"de_DE","og_type":"article","og_title":"\u00dcber mich - Anne Isopp \u2013 Architekturjournalistin","og_description":"Anne Isopp Architekturjournalistin mail@anneisopp.at\u00dcber michIch bin freie Architekturjournalistin und Chefredakteurin.Lebenslauf Chefredakteurin der ARCH (seit Herbst 2020) Chefredakteurin der Zeitschrift Zuschnitt (2009\u20132020) \u00d6sterreich Korrespondentin f\u00fcr A10 (2005-2016) seit 2005 freie Architekturjournalistin 2003\u20132005 Masterstudium \u201eQualit\u00e4tsjournalismus\u201c an der Donau-Universit\u00e4t in Krems\/Donau 1999\u20132003 t\u00e4tig als Architektin in Hamburg f\u00fcr div. Architekturb\u00fcros Studium der Architektur in Graz und Delft geboren in K\u00f6ln Sonstiges 2013, 2015 und 2017, 2019 Expertin f\u00fcr den Mies van der Rohe Preis seit 2016 national selector for Piranesi Award 2020 Masterclass \u201aInnovationen im Journalismus\u2018 am fjum 2014 Sch\u00fctte Lihotzky Stipendium Foto: Larry Williams","og_url":"https:\/\/www.anneisopp.at\/?page_id=79","og_site_name":"Anne Isopp \u2013 Architekturjournalistin","article_modified_time":"2022-10-07T12:47:43+00:00","twitter_card":"summary_large_image","twitter_misc":{"Gesch\u00e4tzte Lesezeit":"1 Minute"},"schema":{"@context":"https:\/\/schema.org","@graph":[{"@type":"WebPage","@id":"https:\/\/www.anneisopp.at\/?page_id=79","url":"https:\/\/www.anneisopp.at\/?page_id=79","name":"\u00dcber mich - Anne Isopp \u2013 Architekturjournalistin","isPartOf":{"@id":"https:\/\/www.anneisopp.at\/#website"},"datePublished":"2021-09-12T18:03:38+00:00","dateModified":"2022-10-07T12:47:43+00:00","breadcrumb":{"@id":"https:\/\/www.anneisopp.at\/?page_id=79#breadcrumb"},"inLanguage":"de-DE","potentialAction":[{"@type":"ReadAction","target":["https:\/\/www.anneisopp.at\/?page_id=79"]}]},{"@type":"BreadcrumbList","@id":"https:\/\/www.anneisopp.at\/?page_id=79#breadcrumb","itemListElement":[{"@type":"ListItem","position":1,"name":"Home","item":"https:\/\/www.anneisopp.at\/"},{"@type":"ListItem","position":2,"name":"\u00dcber mich"}]},{"@type":"WebSite","@id":"https:\/\/www.anneisopp.at\/#website","url":"https:\/\/www.anneisopp.at\/","name":"Anne Isopp \u2013 Architekturjournalistin","description":"","potentialAction":[{"@type":"SearchAction","target":{"@type":"EntryPoint","urlTemplate":"https:\/\/www.anneisopp.at\/?s={search_term_string}"},"query-input":"required name=search_term_string"}],"inLanguage":"de-DE"}]}},"_links":{"self":[{"href":"https:\/\/www.anneisopp.at\/index.php?rest_route=\/wp\/v2\/pages\/79"}],"collection":[{"href":"https:\/\/www.anneisopp.at\/index.php?rest_route=\/wp\/v2\/pages"}],"about":[{"href":"https:\/\/www.anneisopp.at\/index.php?rest_route=\/wp\/v2\/types\/page"}],"author":[{"embeddable":true,"href":"https:\/\/www.anneisopp.at\/index.php?rest_route=\/wp\/v2\/users\/1"}],"replies":[{"embeddable":true,"href":"https:\/\/www.anneisopp.at\/index.php?rest_route=%2Fwp%2Fv2%2Fcomments&post=79"}],"version-history":[{"count":8,"href":"https:\/\/www.anneisopp.at\/index.php?rest_route=\/wp\/v2\/pages\/79\/revisions"}],"predecessor-version":[{"id":1515,"href":"https:\/\/www.anneisopp.at\/index.php?rest_route=\/wp\/v2\/pages\/79\/revisions\/1515"}],"wp:attachment":[{"href":"https:\/\/www.anneisopp.at\/index.php?rest_route=%2Fwp%2Fv2%2Fmedia&parent=79"}],"curies":[{"name":"wp","href":"https:\/\/api.w.org\/{rel}","templated":true}]}}