{"id":28,"date":"2021-09-11T07:52:26","date_gmt":"2021-09-11T07:52:26","guid":{"rendered":"https:\/\/www.anneisopp.at\/?page_id=28"},"modified":"2022-10-07T08:35:44","modified_gmt":"2022-10-07T08:35:44","slug":"startseite","status":"publish","type":"page","link":"https:\/\/www.anneisopp.at\/","title":{"rendered":"Startseite"},"content":{"rendered":"<div id=\"cs-content\" class=\"cs-content\"><\/div>\n","protected":false},"excerpt":{"rendered":"<p>ArchitekturjournalistinKontaktAnne Isopp Architekturjournalistin mail@anneisopp.at\u00dcber michIch bin freie Architekturjournalistin und Chefredakteurin. Von 2009 bis 2020 war ich Chefredakteurin der Fachzeitschrift Zuschnitt. Seit Herbst 2020 leite ich die ARCH, ein Architekturfachmagazin. Ich schreibe \u00fcber Architektur f\u00fcr B\u00fccher, Tageszeitungen und Magazine. Ich konzipiere Publikationen und betreue deren Erstellung und bin als Expertin bei Architekturpreisen eingebunden. Seit 2022 bin ich auch Podcasterin. Im Podcast Morgenbau spreche ich mit Menschen aus der Baubranche \u00fcber nachhaltiges Bauen.<\/p>\n","protected":false},"author":1,"featured_media":0,"parent":0,"menu_order":0,"comment_status":"closed","ping_status":"closed","template":"template-blank-1.php","meta":[],"yoast_head":"<!-- This site is optimized with the Yoast SEO plugin v20.3 - https:\/\/yoast.com\/wordpress\/plugins\/seo\/ -->\n<title>Startseite - Anne Isopp \u2013 Architekturjournalistin<\/title>\n<meta name=\"robots\" content=\"index, follow, max-snippet:-1, max-image-preview:large, max-video-preview:-1\" \/>\n<link rel=\"canonical\" href=\"https:\/\/www.anneisopp.at\/\" \/>\n<meta property=\"og:locale\" content=\"de_DE\" \/>\n<meta property=\"og:type\" content=\"article\" \/>\n<meta property=\"og:title\" content=\"Startseite - Anne Isopp \u2013 Architekturjournalistin\" \/>\n<meta property=\"og:description\" content=\"ArchitekturjournalistinKontaktAnne Isopp Architekturjournalistin mail@anneisopp.at\u00dcber michIch bin freie Architekturjournalistin und Chefredakteurin. Von 2009 bis 2020 war ich Chefredakteurin der Fachzeitschrift Zuschnitt. Seit Herbst 2020 leite ich die ARCH, ein Architekturfachmagazin. Ich schreibe \u00fcber Architektur f\u00fcr B\u00fccher, Tageszeitungen und Magazine. Ich konzipiere Publikationen und betreue deren Erstellung und bin als Expertin bei Architekturpreisen eingebunden. Seit 2022 bin ich auch Podcasterin. Im Podcast Morgenbau spreche ich mit Menschen aus der Baubranche \u00fcber nachhaltiges Bauen.\" \/>\n<meta property=\"og:url\" content=\"https:\/\/www.anneisopp.at\/\" \/>\n<meta property=\"og:site_name\" content=\"Anne Isopp \u2013 Architekturjournalistin\" \/>\n<meta property=\"article:modified_time\" content=\"2022-10-07T08:35:44+00:00\" \/>\n<meta name=\"twitter:card\" content=\"summary_large_image\" \/>\n<meta name=\"twitter:label1\" content=\"Gesch\u00e4tzte Lesezeit\" \/>\n\t<meta name=\"twitter:data1\" content=\"1 Minute\" \/>\n<script type=\"application\/ld+json\" class=\"yoast-schema-graph\">{\"@context\":\"https:\/\/schema.org\",\"@graph\":[{\"@type\":\"WebPage\",\"@id\":\"https:\/\/www.anneisopp.at\/\",\"url\":\"https:\/\/www.anneisopp.at\/\",\"name\":\"Startseite - Anne Isopp \u2013 Architekturjournalistin\",\"isPartOf\":{\"@id\":\"https:\/\/www.anneisopp.at\/#website\"},\"datePublished\":\"2021-09-11T07:52:26+00:00\",\"dateModified\":\"2022-10-07T08:35:44+00:00\",\"breadcrumb\":{\"@id\":\"https:\/\/www.anneisopp.at\/#breadcrumb\"},\"inLanguage\":\"de-DE\",\"potentialAction\":[{\"@type\":\"ReadAction\",\"target\":[\"https:\/\/www.anneisopp.at\/\"]}]},{\"@type\":\"BreadcrumbList\",\"@id\":\"https:\/\/www.anneisopp.at\/#breadcrumb\",\"itemListElement\":[{\"@type\":\"ListItem\",\"position\":1,\"name\":\"Home\",\"item\":\"https:\/\/www.anneisopp.at\/\"},{\"@type\":\"ListItem\",\"position\":2,\"name\":\"Startseite\"}]},{\"@type\":\"WebSite\",\"@id\":\"https:\/\/www.anneisopp.at\/#website\",\"url\":\"https:\/\/www.anneisopp.at\/\",\"name\":\"Anne Isopp \u2013 Architekturjournalistin\",\"description\":\"\",\"potentialAction\":[{\"@type\":\"SearchAction\",\"target\":{\"@type\":\"EntryPoint\",\"urlTemplate\":\"https:\/\/www.anneisopp.at\/?s={search_term_string}\"},\"query-input\":\"required name=search_term_string\"}],\"inLanguage\":\"de-DE\"}]}<\/script>\n<!-- \/ Yoast SEO plugin. -->","yoast_head_json":{"title":"Startseite - Anne Isopp \u2013 Architekturjournalistin","robots":{"index":"index","follow":"follow","max-snippet":"max-snippet:-1","max-image-preview":"max-image-preview:large","max-video-preview":"max-video-preview:-1"},"canonical":"https:\/\/www.anneisopp.at\/","og_locale":"de_DE","og_type":"article","og_title":"Startseite - Anne Isopp \u2013 Architekturjournalistin","og_description":"ArchitekturjournalistinKontaktAnne Isopp Architekturjournalistin mail@anneisopp.at\u00dcber michIch bin freie Architekturjournalistin und Chefredakteurin. Von 2009 bis 2020 war ich Chefredakteurin der Fachzeitschrift Zuschnitt. Seit Herbst 2020 leite ich die ARCH, ein Architekturfachmagazin. Ich schreibe \u00fcber Architektur f\u00fcr B\u00fccher, Tageszeitungen und Magazine. Ich konzipiere Publikationen und betreue deren Erstellung und bin als Expertin bei Architekturpreisen eingebunden. Seit 2022 bin ich auch Podcasterin. Im Podcast Morgenbau spreche ich mit Menschen aus der Baubranche \u00fcber nachhaltiges Bauen.","og_url":"https:\/\/www.anneisopp.at\/","og_site_name":"Anne Isopp \u2013 Architekturjournalistin","article_modified_time":"2022-10-07T08:35:44+00:00","twitter_card":"summary_large_image","twitter_misc":{"Gesch\u00e4tzte Lesezeit":"1 Minute"},"schema":{"@context":"https:\/\/schema.org","@graph":[{"@type":"WebPage","@id":"https:\/\/www.anneisopp.at\/","url":"https:\/\/www.anneisopp.at\/","name":"Startseite - Anne Isopp \u2013 Architekturjournalistin","isPartOf":{"@id":"https:\/\/www.anneisopp.at\/#website"},"datePublished":"2021-09-11T07:52:26+00:00","dateModified":"2022-10-07T08:35:44+00:00","breadcrumb":{"@id":"https:\/\/www.anneisopp.at\/#breadcrumb"},"inLanguage":"de-DE","potentialAction":[{"@type":"ReadAction","target":["https:\/\/www.anneisopp.at\/"]}]},{"@type":"BreadcrumbList","@id":"https:\/\/www.anneisopp.at\/#breadcrumb","itemListElement":[{"@type":"ListItem","position":1,"name":"Home","item":"https:\/\/www.anneisopp.at\/"},{"@type":"ListItem","position":2,"name":"Startseite"}]},{"@type":"WebSite","@id":"https:\/\/www.anneisopp.at\/#website","url":"https:\/\/www.anneisopp.at\/","name":"Anne Isopp \u2013 Architekturjournalistin","description":"","potentialAction":[{"@type":"SearchAction","target":{"@type":"EntryPoint","urlTemplate":"https:\/\/www.anneisopp.at\/?s={search_term_string}"},"query-input":"required name=search_term_string"}],"inLanguage":"de-DE"}]}},"_links":{"self":[{"href":"https:\/\/www.anneisopp.at\/index.php?rest_route=\/wp\/v2\/pages\/28"}],"collection":[{"href":"https:\/\/www.anneisopp.at\/index.php?rest_route=\/wp\/v2\/pages"}],"about":[{"href":"https:\/\/www.anneisopp.at\/index.php?rest_route=\/wp\/v2\/types\/page"}],"author":[{"embeddable":true,"href":"https:\/\/www.anneisopp.at\/index.php?rest_route=\/wp\/v2\/users\/1"}],"replies":[{"embeddable":true,"href":"https:\/\/www.anneisopp.at\/index.php?rest_route=%2Fwp%2Fv2%2Fcomments&post=28"}],"version-history":[{"count":43,"href":"https:\/\/www.anneisopp.at\/index.php?rest_route=\/wp\/v2\/pages\/28\/revisions"}],"predecessor-version":[{"id":1479,"href":"https:\/\/www.anneisopp.at\/index.php?rest_route=\/wp\/v2\/pages\/28\/revisions\/1479"}],"wp:attachment":[{"href":"https:\/\/www.anneisopp.at\/index.php?rest_route=%2Fwp%2Fv2%2Fmedia&parent=28"}],"curies":[{"name":"wp","href":"https:\/\/api.w.org\/{rel}","templated":true}]}}