{"id":259,"date":"2022-09-01T12:26:27","date_gmt":"2022-09-01T12:26:27","guid":{"rendered":"https:\/\/www.anneisopp.at\/?page_id=259"},"modified":"2023-04-13T08:19:05","modified_gmt":"2023-04-13T08:19:05","slug":"podcasts","status":"publish","type":"page","link":"https:\/\/www.anneisopp.at\/?page_id=259","title":{"rendered":"Podcast"},"content":{"rendered":"<div id=\"cs-content\" class=\"cs-content\"><\/div>\n","protected":false},"excerpt":{"rendered":"<p>Anne Isopp Architekturjournalistin mail@anneisopp.atMorgenbau \u2013 ein ArchitekturpodcastWas ist nachhaltiges Bauen? Dar\u00fcber spreche ich mit Menschen aus der Baubranche. Jede vierte Woche neu.In dem Podcast Morgenbau spreche ich mit Menschen aus der Baubranche \u00fcber Nachhaltigkeit im Bauwesen.\u00a0 Ich m\u00f6chte wissen, wie sie dar\u00fcber denken und wie sie dieses Denken konkret in ihren Bauten umsetzen. Jeder meiner G\u00e4ste hat zu dem Thema seine eigene Geschichte zu erz\u00e4hlen, etwas was sie oder ihn antreibt, individuelle Erfahrungen und Antworten. Im Mittelpunkt der Gespr\u00e4che steht immer ein konkretes Geb\u00e4ude. Alle vier Wochen neu. \u00dcberall dort wo es Podcasts gibt.\u00a0 www.morgenbau.at<\/p>\n","protected":false},"author":1,"featured_media":0,"parent":0,"menu_order":0,"comment_status":"closed","ping_status":"closed","template":"","meta":[],"yoast_head":"<!-- This site is optimized with the Yoast SEO plugin v20.3 - https:\/\/yoast.com\/wordpress\/plugins\/seo\/ -->\n<title>Podcast - Anne Isopp \u2013 Architekturjournalistin<\/title>\n<meta name=\"robots\" content=\"index, follow, max-snippet:-1, max-image-preview:large, max-video-preview:-1\" \/>\n<link rel=\"canonical\" href=\"https:\/\/www.anneisopp.at\/?page_id=259\" \/>\n<meta property=\"og:locale\" content=\"de_DE\" \/>\n<meta property=\"og:type\" content=\"article\" \/>\n<meta property=\"og:title\" content=\"Podcast - Anne Isopp \u2013 Architekturjournalistin\" \/>\n<meta property=\"og:description\" content=\"Anne Isopp Architekturjournalistin mail@anneisopp.atMorgenbau \u2013 ein ArchitekturpodcastWas ist nachhaltiges Bauen? Dar\u00fcber spreche ich mit Menschen aus der Baubranche. Jede vierte Woche neu.In dem Podcast Morgenbau spreche ich mit Menschen aus der Baubranche \u00fcber Nachhaltigkeit im Bauwesen.\u00a0 Ich m\u00f6chte wissen, wie sie dar\u00fcber denken und wie sie dieses Denken konkret in ihren Bauten umsetzen. Jeder meiner G\u00e4ste hat zu dem Thema seine eigene Geschichte zu erz\u00e4hlen, etwas was sie oder ihn antreibt, individuelle Erfahrungen und Antworten. Im Mittelpunkt der Gespr\u00e4che steht immer ein konkretes Geb\u00e4ude. Alle vier Wochen neu. \u00dcberall dort wo es Podcasts gibt.\u00a0 www.morgenbau.at\" \/>\n<meta property=\"og:url\" content=\"https:\/\/www.anneisopp.at\/?page_id=259\" \/>\n<meta property=\"og:site_name\" content=\"Anne Isopp \u2013 Architekturjournalistin\" \/>\n<meta property=\"article:modified_time\" content=\"2023-04-13T08:19:05+00:00\" \/>\n<meta name=\"twitter:card\" content=\"summary_large_image\" \/>\n<meta name=\"twitter:label1\" content=\"Gesch\u00e4tzte Lesezeit\" \/>\n\t<meta name=\"twitter:data1\" content=\"1 Minute\" \/>\n<script type=\"application\/ld+json\" class=\"yoast-schema-graph\">{\"@context\":\"https:\/\/schema.org\",\"@graph\":[{\"@type\":\"WebPage\",\"@id\":\"https:\/\/www.anneisopp.at\/?page_id=259\",\"url\":\"https:\/\/www.anneisopp.at\/?page_id=259\",\"name\":\"Podcast - Anne Isopp \u2013 Architekturjournalistin\",\"isPartOf\":{\"@id\":\"https:\/\/www.anneisopp.at\/#website\"},\"datePublished\":\"2022-09-01T12:26:27+00:00\",\"dateModified\":\"2023-04-13T08:19:05+00:00\",\"breadcrumb\":{\"@id\":\"https:\/\/www.anneisopp.at\/?page_id=259#breadcrumb\"},\"inLanguage\":\"de-DE\",\"potentialAction\":[{\"@type\":\"ReadAction\",\"target\":[\"https:\/\/www.anneisopp.at\/?page_id=259\"]}]},{\"@type\":\"BreadcrumbList\",\"@id\":\"https:\/\/www.anneisopp.at\/?page_id=259#breadcrumb\",\"itemListElement\":[{\"@type\":\"ListItem\",\"position\":1,\"name\":\"Home\",\"item\":\"https:\/\/www.anneisopp.at\/\"},{\"@type\":\"ListItem\",\"position\":2,\"name\":\"Podcast\"}]},{\"@type\":\"WebSite\",\"@id\":\"https:\/\/www.anneisopp.at\/#website\",\"url\":\"https:\/\/www.anneisopp.at\/\",\"name\":\"Anne Isopp \u2013 Architekturjournalistin\",\"description\":\"\",\"potentialAction\":[{\"@type\":\"SearchAction\",\"target\":{\"@type\":\"EntryPoint\",\"urlTemplate\":\"https:\/\/www.anneisopp.at\/?s={search_term_string}\"},\"query-input\":\"required name=search_term_string\"}],\"inLanguage\":\"de-DE\"}]}<\/script>\n<!-- \/ Yoast SEO plugin. -->","yoast_head_json":{"title":"Podcast - Anne Isopp \u2013 Architekturjournalistin","robots":{"index":"index","follow":"follow","max-snippet":"max-snippet:-1","max-image-preview":"max-image-preview:large","max-video-preview":"max-video-preview:-1"},"canonical":"https:\/\/www.anneisopp.at\/?page_id=259","og_locale":"de_DE","og_type":"article","og_title":"Podcast - Anne Isopp \u2013 Architekturjournalistin","og_description":"Anne Isopp Architekturjournalistin mail@anneisopp.atMorgenbau \u2013 ein ArchitekturpodcastWas ist nachhaltiges Bauen? Dar\u00fcber spreche ich mit Menschen aus der Baubranche. Jede vierte Woche neu.In dem Podcast Morgenbau spreche ich mit Menschen aus der Baubranche \u00fcber Nachhaltigkeit im Bauwesen.\u00a0 Ich m\u00f6chte wissen, wie sie dar\u00fcber denken und wie sie dieses Denken konkret in ihren Bauten umsetzen. Jeder meiner G\u00e4ste hat zu dem Thema seine eigene Geschichte zu erz\u00e4hlen, etwas was sie oder ihn antreibt, individuelle Erfahrungen und Antworten. Im Mittelpunkt der Gespr\u00e4che steht immer ein konkretes Geb\u00e4ude. Alle vier Wochen neu. \u00dcberall dort wo es Podcasts gibt.\u00a0 www.morgenbau.at","og_url":"https:\/\/www.anneisopp.at\/?page_id=259","og_site_name":"Anne Isopp \u2013 Architekturjournalistin","article_modified_time":"2023-04-13T08:19:05+00:00","twitter_card":"summary_large_image","twitter_misc":{"Gesch\u00e4tzte Lesezeit":"1 Minute"},"schema":{"@context":"https:\/\/schema.org","@graph":[{"@type":"WebPage","@id":"https:\/\/www.anneisopp.at\/?page_id=259","url":"https:\/\/www.anneisopp.at\/?page_id=259","name":"Podcast - Anne Isopp \u2013 Architekturjournalistin","isPartOf":{"@id":"https:\/\/www.anneisopp.at\/#website"},"datePublished":"2022-09-01T12:26:27+00:00","dateModified":"2023-04-13T08:19:05+00:00","breadcrumb":{"@id":"https:\/\/www.anneisopp.at\/?page_id=259#breadcrumb"},"inLanguage":"de-DE","potentialAction":[{"@type":"ReadAction","target":["https:\/\/www.anneisopp.at\/?page_id=259"]}]},{"@type":"BreadcrumbList","@id":"https:\/\/www.anneisopp.at\/?page_id=259#breadcrumb","itemListElement":[{"@type":"ListItem","position":1,"name":"Home","item":"https:\/\/www.anneisopp.at\/"},{"@type":"ListItem","position":2,"name":"Podcast"}]},{"@type":"WebSite","@id":"https:\/\/www.anneisopp.at\/#website","url":"https:\/\/www.anneisopp.at\/","name":"Anne Isopp \u2013 Architekturjournalistin","description":"","potentialAction":[{"@type":"SearchAction","target":{"@type":"EntryPoint","urlTemplate":"https:\/\/www.anneisopp.at\/?s={search_term_string}"},"query-input":"required name=search_term_string"}],"inLanguage":"de-DE"}]}},"_links":{"self":[{"href":"https:\/\/www.anneisopp.at\/index.php?rest_route=\/wp\/v2\/pages\/259"}],"collection":[{"href":"https:\/\/www.anneisopp.at\/index.php?rest_route=\/wp\/v2\/pages"}],"about":[{"href":"https:\/\/www.anneisopp.at\/index.php?rest_route=\/wp\/v2\/types\/page"}],"author":[{"embeddable":true,"href":"https:\/\/www.anneisopp.at\/index.php?rest_route=\/wp\/v2\/users\/1"}],"replies":[{"embeddable":true,"href":"https:\/\/www.anneisopp.at\/index.php?rest_route=%2Fwp%2Fv2%2Fcomments&post=259"}],"version-history":[{"count":19,"href":"https:\/\/www.anneisopp.at\/index.php?rest_route=\/wp\/v2\/pages\/259\/revisions"}],"predecessor-version":[{"id":1516,"href":"https:\/\/www.anneisopp.at\/index.php?rest_route=\/wp\/v2\/pages\/259\/revisions\/1516"}],"wp:attachment":[{"href":"https:\/\/www.anneisopp.at\/index.php?rest_route=%2Fwp%2Fv2%2Fmedia&parent=259"}],"curies":[{"name":"wp","href":"https:\/\/api.w.org\/{rel}","templated":true}]}}