{"id":252,"date":"2022-09-01T09:29:24","date_gmt":"2022-09-01T09:29:24","guid":{"rendered":"https:\/\/www.anneisopp.at\/?page_id=252"},"modified":"2022-10-07T13:07:20","modified_gmt":"2022-10-07T13:07:20","slug":"texte-neu","status":"publish","type":"page","link":"https:\/\/www.anneisopp.at\/?page_id=252","title":{"rendered":"Texte"},"content":{"rendered":"<div id=\"cs-content\" class=\"cs-content\"><\/div>\n","protected":false},"excerpt":{"rendered":"<p>Anne Isopp Architekturjournalistin mail@anneisopp.atTexte und anderes Hier ist ein \u00dcberblick \u00fcber meine anderen T\u00e4tigkeiten: Texte schreiben, Veranstaltungen moderieren, Vortr\u00e4ge halten, Ausstellungen kuratieren, Expertin bei Architekturpreisen sein, &#8230;Allgemein\/Ausstellung\/Moderation\/selector &#8211; juror\/Text\/Vortrag\/23. Juni 2022&nbsp;\/&nbsp;AusstellungAusstellung: Aus Holz gebautBis Mitte August ist diese von mir kuratierte Holzbau-Ausstellung im Lignorama in Riedau, Ober\u00f6sterreich, zu sehen.13. Oktober 2020&nbsp;\/&nbsp;TextText: Gewerbebauten aus HolzZu diesem Buch der Deutschen Bundesstiftung Umwelt durfte ich mit einem einleitenden Text \u00fcber Gewerbebauten aus Holz beitragen.25. November 2019&nbsp;\/&nbsp;selector &#8211; jurorPiranesi Award 2019\u2026goes to Neue Galerie\/Kasematten in Wiener Neustadt\/Austria by Bevk Perovi\u0107 arhitekti.7. Oktober 2019&nbsp;\/&nbsp;Moderation,&nbsp;Text&#8222;Kinder wollen nicht ihr eigenes Schwimmbad haben&#8220;Welche Alternativen zum Einfamilienhaus gibt es? &#8230; <a href=\"https:\/\/www.anneisopp.at\/?page_id=252\" class=\"more-link\">Read More<\/a><\/p>\n","protected":false},"author":1,"featured_media":0,"parent":0,"menu_order":0,"comment_status":"closed","ping_status":"closed","template":"","meta":[],"yoast_head":"<!-- This site is optimized with the Yoast SEO plugin v20.3 - https:\/\/yoast.com\/wordpress\/plugins\/seo\/ -->\n<title>Texte - Anne Isopp \u2013 Architekturjournalistin<\/title>\n<meta name=\"robots\" content=\"index, follow, max-snippet:-1, max-image-preview:large, max-video-preview:-1\" \/>\n<link rel=\"canonical\" href=\"https:\/\/www.anneisopp.at\/?page_id=252\" \/>\n<meta property=\"og:locale\" content=\"de_DE\" \/>\n<meta property=\"og:type\" content=\"article\" \/>\n<meta property=\"og:title\" content=\"Texte - Anne Isopp \u2013 Architekturjournalistin\" \/>\n<meta property=\"og:description\" content=\"Anne Isopp Architekturjournalistin mail@anneisopp.atTexte und anderes Hier ist ein \u00dcberblick \u00fcber meine anderen T\u00e4tigkeiten: Texte schreiben, Veranstaltungen moderieren, Vortr\u00e4ge halten, Ausstellungen kuratieren, Expertin bei Architekturpreisen sein, ...Allgemein\/Ausstellung\/Moderation\/selector - juror\/Text\/Vortrag\/23. Juni 2022&nbsp;\/&nbsp;AusstellungAusstellung: Aus Holz gebautBis Mitte August ist diese von mir kuratierte Holzbau-Ausstellung im Lignorama in Riedau, Ober\u00f6sterreich, zu sehen.13. Oktober 2020&nbsp;\/&nbsp;TextText: Gewerbebauten aus HolzZu diesem Buch der Deutschen Bundesstiftung Umwelt durfte ich mit einem einleitenden Text \u00fcber Gewerbebauten aus Holz beitragen.25. November 2019&nbsp;\/&nbsp;selector - jurorPiranesi Award 2019\u2026goes to Neue Galerie\/Kasematten in Wiener Neustadt\/Austria by Bevk Perovi\u0107 arhitekti.7. Oktober 2019&nbsp;\/&nbsp;Moderation,&nbsp;Text&#8222;Kinder wollen nicht ihr eigenes Schwimmbad haben&#8220;Welche Alternativen zum Einfamilienhaus gibt es? ... Read More\" \/>\n<meta property=\"og:url\" content=\"https:\/\/www.anneisopp.at\/?page_id=252\" \/>\n<meta property=\"og:site_name\" content=\"Anne Isopp \u2013 Architekturjournalistin\" \/>\n<meta property=\"article:modified_time\" content=\"2022-10-07T13:07:20+00:00\" \/>\n<meta name=\"twitter:card\" content=\"summary_large_image\" \/>\n<meta name=\"twitter:label1\" content=\"Gesch\u00e4tzte Lesezeit\" \/>\n\t<meta name=\"twitter:data1\" content=\"2 Minuten\" \/>\n<script type=\"application\/ld+json\" class=\"yoast-schema-graph\">{\"@context\":\"https:\/\/schema.org\",\"@graph\":[{\"@type\":\"WebPage\",\"@id\":\"https:\/\/www.anneisopp.at\/?page_id=252\",\"url\":\"https:\/\/www.anneisopp.at\/?page_id=252\",\"name\":\"Texte - Anne Isopp \u2013 Architekturjournalistin\",\"isPartOf\":{\"@id\":\"https:\/\/www.anneisopp.at\/#website\"},\"datePublished\":\"2022-09-01T09:29:24+00:00\",\"dateModified\":\"2022-10-07T13:07:20+00:00\",\"breadcrumb\":{\"@id\":\"https:\/\/www.anneisopp.at\/?page_id=252#breadcrumb\"},\"inLanguage\":\"de-DE\",\"potentialAction\":[{\"@type\":\"ReadAction\",\"target\":[\"https:\/\/www.anneisopp.at\/?page_id=252\"]}]},{\"@type\":\"BreadcrumbList\",\"@id\":\"https:\/\/www.anneisopp.at\/?page_id=252#breadcrumb\",\"itemListElement\":[{\"@type\":\"ListItem\",\"position\":1,\"name\":\"Home\",\"item\":\"https:\/\/www.anneisopp.at\/\"},{\"@type\":\"ListItem\",\"position\":2,\"name\":\"Texte\"}]},{\"@type\":\"WebSite\",\"@id\":\"https:\/\/www.anneisopp.at\/#website\",\"url\":\"https:\/\/www.anneisopp.at\/\",\"name\":\"Anne Isopp \u2013 Architekturjournalistin\",\"description\":\"\",\"potentialAction\":[{\"@type\":\"SearchAction\",\"target\":{\"@type\":\"EntryPoint\",\"urlTemplate\":\"https:\/\/www.anneisopp.at\/?s={search_term_string}\"},\"query-input\":\"required name=search_term_string\"}],\"inLanguage\":\"de-DE\"}]}<\/script>\n<!-- \/ Yoast SEO plugin. -->","yoast_head_json":{"title":"Texte - Anne Isopp \u2013 Architekturjournalistin","robots":{"index":"index","follow":"follow","max-snippet":"max-snippet:-1","max-image-preview":"max-image-preview:large","max-video-preview":"max-video-preview:-1"},"canonical":"https:\/\/www.anneisopp.at\/?page_id=252","og_locale":"de_DE","og_type":"article","og_title":"Texte - Anne Isopp \u2013 Architekturjournalistin","og_description":"Anne Isopp Architekturjournalistin mail@anneisopp.atTexte und anderes Hier ist ein \u00dcberblick \u00fcber meine anderen T\u00e4tigkeiten: Texte schreiben, Veranstaltungen moderieren, Vortr\u00e4ge halten, Ausstellungen kuratieren, Expertin bei Architekturpreisen sein, ...Allgemein\/Ausstellung\/Moderation\/selector - juror\/Text\/Vortrag\/23. Juni 2022&nbsp;\/&nbsp;AusstellungAusstellung: Aus Holz gebautBis Mitte August ist diese von mir kuratierte Holzbau-Ausstellung im Lignorama in Riedau, Ober\u00f6sterreich, zu sehen.13. Oktober 2020&nbsp;\/&nbsp;TextText: Gewerbebauten aus HolzZu diesem Buch der Deutschen Bundesstiftung Umwelt durfte ich mit einem einleitenden Text \u00fcber Gewerbebauten aus Holz beitragen.25. November 2019&nbsp;\/&nbsp;selector - jurorPiranesi Award 2019\u2026goes to Neue Galerie\/Kasematten in Wiener Neustadt\/Austria by Bevk Perovi\u0107 arhitekti.7. Oktober 2019&nbsp;\/&nbsp;Moderation,&nbsp;Text&#8222;Kinder wollen nicht ihr eigenes Schwimmbad haben&#8220;Welche Alternativen zum Einfamilienhaus gibt es? ... Read More","og_url":"https:\/\/www.anneisopp.at\/?page_id=252","og_site_name":"Anne Isopp \u2013 Architekturjournalistin","article_modified_time":"2022-10-07T13:07:20+00:00","twitter_card":"summary_large_image","twitter_misc":{"Gesch\u00e4tzte Lesezeit":"2 Minuten"},"schema":{"@context":"https:\/\/schema.org","@graph":[{"@type":"WebPage","@id":"https:\/\/www.anneisopp.at\/?page_id=252","url":"https:\/\/www.anneisopp.at\/?page_id=252","name":"Texte - Anne Isopp \u2013 Architekturjournalistin","isPartOf":{"@id":"https:\/\/www.anneisopp.at\/#website"},"datePublished":"2022-09-01T09:29:24+00:00","dateModified":"2022-10-07T13:07:20+00:00","breadcrumb":{"@id":"https:\/\/www.anneisopp.at\/?page_id=252#breadcrumb"},"inLanguage":"de-DE","potentialAction":[{"@type":"ReadAction","target":["https:\/\/www.anneisopp.at\/?page_id=252"]}]},{"@type":"BreadcrumbList","@id":"https:\/\/www.anneisopp.at\/?page_id=252#breadcrumb","itemListElement":[{"@type":"ListItem","position":1,"name":"Home","item":"https:\/\/www.anneisopp.at\/"},{"@type":"ListItem","position":2,"name":"Texte"}]},{"@type":"WebSite","@id":"https:\/\/www.anneisopp.at\/#website","url":"https:\/\/www.anneisopp.at\/","name":"Anne Isopp \u2013 Architekturjournalistin","description":"","potentialAction":[{"@type":"SearchAction","target":{"@type":"EntryPoint","urlTemplate":"https:\/\/www.anneisopp.at\/?s={search_term_string}"},"query-input":"required name=search_term_string"}],"inLanguage":"de-DE"}]}},"_links":{"self":[{"href":"https:\/\/www.anneisopp.at\/index.php?rest_route=\/wp\/v2\/pages\/252"}],"collection":[{"href":"https:\/\/www.anneisopp.at\/index.php?rest_route=\/wp\/v2\/pages"}],"about":[{"href":"https:\/\/www.anneisopp.at\/index.php?rest_route=\/wp\/v2\/types\/page"}],"author":[{"embeddable":true,"href":"https:\/\/www.anneisopp.at\/index.php?rest_route=\/wp\/v2\/users\/1"}],"replies":[{"embeddable":true,"href":"https:\/\/www.anneisopp.at\/index.php?rest_route=%2Fwp%2Fv2%2Fcomments&post=252"}],"version-history":[{"count":13,"href":"https:\/\/www.anneisopp.at\/index.php?rest_route=\/wp\/v2\/pages\/252\/revisions"}],"predecessor-version":[{"id":1507,"href":"https:\/\/www.anneisopp.at\/index.php?rest_route=\/wp\/v2\/pages\/252\/revisions\/1507"}],"wp:attachment":[{"href":"https:\/\/www.anneisopp.at\/index.php?rest_route=%2Fwp%2Fv2%2Fmedia&parent=252"}],"curies":[{"name":"wp","href":"https:\/\/api.w.org\/{rel}","templated":true}]}}