{"id":14,"date":"2021-09-11T07:35:19","date_gmt":"2021-09-11T07:35:19","guid":{"rendered":"https:\/\/www.anneisopp.at\/?page_id=14"},"modified":"2022-10-07T13:03:13","modified_gmt":"2022-10-07T13:03:13","slug":"magazine","status":"publish","type":"page","link":"https:\/\/www.anneisopp.at\/?page_id=14","title":{"rendered":"Chefredaktion"},"content":{"rendered":"<div id=\"cs-content\" class=\"cs-content\"><\/div>\n","protected":false},"excerpt":{"rendered":"<p>Anne Isopp Architekturjournalistin mail@anneisopp.atChefredaktion von MagazinenSeit vielen Jahren arbeite ich als Chefredakteurin. Von 2009 bis 2020 war ich Chefredakteurin der Zeitschrift Zuschnitt. Seit November 2020 bin ich dies bei der Fachzeitschrift ARCH. 2006\u00a0habe ich wonderland, ein Magazin f\u00fcr junge Architekt*innen in Europa mitgegr\u00fcndet und -herausgegeben.ARCH MagazinARCH ist ein Magazin der Firma Eternit, das einmal\u00a0 j\u00e4hrlich herauskommt. Man kann es hier kostenlos bestellen. &#8222;Es gibt wenig Firmenzeitschriften, die auf eine l\u00e4ngere Geschichte zur\u00fcckblicken. Und noch weniger davon erreichen die Qualit\u00e4t von ARCH, der Zeitschrift von Eternit.&#8220; Hochparterre 9\/21ZuschnittVon 2009 bis 2020 war ich Chefredakteurin der Zeitschrift Zuschnitt.\u00a0 Zuschnitt ist eine Zeitschrift, &#8230; <a href=\"https:\/\/www.anneisopp.at\/?page_id=14\" class=\"more-link\">Read More<\/a><\/p>\n","protected":false},"author":1,"featured_media":0,"parent":0,"menu_order":0,"comment_status":"closed","ping_status":"closed","template":"template-blank-4.php","meta":[],"yoast_head":"<!-- This site is optimized with the Yoast SEO plugin v20.3 - https:\/\/yoast.com\/wordpress\/plugins\/seo\/ -->\n<title>Chefredaktion - Anne Isopp \u2013 Architekturjournalistin<\/title>\n<meta name=\"robots\" content=\"index, follow, max-snippet:-1, max-image-preview:large, max-video-preview:-1\" \/>\n<link rel=\"canonical\" href=\"https:\/\/www.anneisopp.at\/?page_id=14\" \/>\n<meta property=\"og:locale\" content=\"de_DE\" \/>\n<meta property=\"og:type\" content=\"article\" \/>\n<meta property=\"og:title\" content=\"Chefredaktion - Anne Isopp \u2013 Architekturjournalistin\" \/>\n<meta property=\"og:description\" content=\"Anne Isopp Architekturjournalistin mail@anneisopp.atChefredaktion von MagazinenSeit vielen Jahren arbeite ich als Chefredakteurin. Von 2009 bis 2020 war ich Chefredakteurin der Zeitschrift Zuschnitt. Seit November 2020 bin ich dies bei der Fachzeitschrift ARCH. 2006\u00a0habe ich wonderland, ein Magazin f\u00fcr junge Architekt*innen in Europa mitgegr\u00fcndet und -herausgegeben.ARCH MagazinARCH ist ein Magazin der Firma Eternit, das einmal\u00a0 j\u00e4hrlich herauskommt. Man kann es hier kostenlos bestellen. &quot;Es gibt wenig Firmenzeitschriften, die auf eine l\u00e4ngere Geschichte zur\u00fcckblicken. Und noch weniger davon erreichen die Qualit\u00e4t von ARCH, der Zeitschrift von Eternit.&quot; Hochparterre 9\/21ZuschnittVon 2009 bis 2020 war ich Chefredakteurin der Zeitschrift Zuschnitt.\u00a0 Zuschnitt ist eine Zeitschrift, ... Read More\" \/>\n<meta property=\"og:url\" content=\"https:\/\/www.anneisopp.at\/?page_id=14\" \/>\n<meta property=\"og:site_name\" content=\"Anne Isopp \u2013 Architekturjournalistin\" \/>\n<meta property=\"article:modified_time\" content=\"2022-10-07T13:03:13+00:00\" \/>\n<meta name=\"twitter:card\" content=\"summary_large_image\" \/>\n<meta name=\"twitter:label1\" content=\"Gesch\u00e4tzte Lesezeit\" \/>\n\t<meta name=\"twitter:data1\" content=\"3 Minuten\" \/>\n<script type=\"application\/ld+json\" class=\"yoast-schema-graph\">{\"@context\":\"https:\/\/schema.org\",\"@graph\":[{\"@type\":\"WebPage\",\"@id\":\"https:\/\/www.anneisopp.at\/?page_id=14\",\"url\":\"https:\/\/www.anneisopp.at\/?page_id=14\",\"name\":\"Chefredaktion - Anne Isopp \u2013 Architekturjournalistin\",\"isPartOf\":{\"@id\":\"https:\/\/www.anneisopp.at\/#website\"},\"datePublished\":\"2021-09-11T07:35:19+00:00\",\"dateModified\":\"2022-10-07T13:03:13+00:00\",\"breadcrumb\":{\"@id\":\"https:\/\/www.anneisopp.at\/?page_id=14#breadcrumb\"},\"inLanguage\":\"de-DE\",\"potentialAction\":[{\"@type\":\"ReadAction\",\"target\":[\"https:\/\/www.anneisopp.at\/?page_id=14\"]}]},{\"@type\":\"BreadcrumbList\",\"@id\":\"https:\/\/www.anneisopp.at\/?page_id=14#breadcrumb\",\"itemListElement\":[{\"@type\":\"ListItem\",\"position\":1,\"name\":\"Home\",\"item\":\"https:\/\/www.anneisopp.at\/\"},{\"@type\":\"ListItem\",\"position\":2,\"name\":\"Chefredaktion\"}]},{\"@type\":\"WebSite\",\"@id\":\"https:\/\/www.anneisopp.at\/#website\",\"url\":\"https:\/\/www.anneisopp.at\/\",\"name\":\"Anne Isopp \u2013 Architekturjournalistin\",\"description\":\"\",\"potentialAction\":[{\"@type\":\"SearchAction\",\"target\":{\"@type\":\"EntryPoint\",\"urlTemplate\":\"https:\/\/www.anneisopp.at\/?s={search_term_string}\"},\"query-input\":\"required name=search_term_string\"}],\"inLanguage\":\"de-DE\"}]}<\/script>\n<!-- \/ Yoast SEO plugin. -->","yoast_head_json":{"title":"Chefredaktion - Anne Isopp \u2013 Architekturjournalistin","robots":{"index":"index","follow":"follow","max-snippet":"max-snippet:-1","max-image-preview":"max-image-preview:large","max-video-preview":"max-video-preview:-1"},"canonical":"https:\/\/www.anneisopp.at\/?page_id=14","og_locale":"de_DE","og_type":"article","og_title":"Chefredaktion - Anne Isopp \u2013 Architekturjournalistin","og_description":"Anne Isopp Architekturjournalistin mail@anneisopp.atChefredaktion von MagazinenSeit vielen Jahren arbeite ich als Chefredakteurin. Von 2009 bis 2020 war ich Chefredakteurin der Zeitschrift Zuschnitt. Seit November 2020 bin ich dies bei der Fachzeitschrift ARCH. 2006\u00a0habe ich wonderland, ein Magazin f\u00fcr junge Architekt*innen in Europa mitgegr\u00fcndet und -herausgegeben.ARCH MagazinARCH ist ein Magazin der Firma Eternit, das einmal\u00a0 j\u00e4hrlich herauskommt. Man kann es hier kostenlos bestellen. \"Es gibt wenig Firmenzeitschriften, die auf eine l\u00e4ngere Geschichte zur\u00fcckblicken. Und noch weniger davon erreichen die Qualit\u00e4t von ARCH, der Zeitschrift von Eternit.\" Hochparterre 9\/21ZuschnittVon 2009 bis 2020 war ich Chefredakteurin der Zeitschrift Zuschnitt.\u00a0 Zuschnitt ist eine Zeitschrift, ... Read More","og_url":"https:\/\/www.anneisopp.at\/?page_id=14","og_site_name":"Anne Isopp \u2013 Architekturjournalistin","article_modified_time":"2022-10-07T13:03:13+00:00","twitter_card":"summary_large_image","twitter_misc":{"Gesch\u00e4tzte Lesezeit":"3 Minuten"},"schema":{"@context":"https:\/\/schema.org","@graph":[{"@type":"WebPage","@id":"https:\/\/www.anneisopp.at\/?page_id=14","url":"https:\/\/www.anneisopp.at\/?page_id=14","name":"Chefredaktion - Anne Isopp \u2013 Architekturjournalistin","isPartOf":{"@id":"https:\/\/www.anneisopp.at\/#website"},"datePublished":"2021-09-11T07:35:19+00:00","dateModified":"2022-10-07T13:03:13+00:00","breadcrumb":{"@id":"https:\/\/www.anneisopp.at\/?page_id=14#breadcrumb"},"inLanguage":"de-DE","potentialAction":[{"@type":"ReadAction","target":["https:\/\/www.anneisopp.at\/?page_id=14"]}]},{"@type":"BreadcrumbList","@id":"https:\/\/www.anneisopp.at\/?page_id=14#breadcrumb","itemListElement":[{"@type":"ListItem","position":1,"name":"Home","item":"https:\/\/www.anneisopp.at\/"},{"@type":"ListItem","position":2,"name":"Chefredaktion"}]},{"@type":"WebSite","@id":"https:\/\/www.anneisopp.at\/#website","url":"https:\/\/www.anneisopp.at\/","name":"Anne Isopp \u2013 Architekturjournalistin","description":"","potentialAction":[{"@type":"SearchAction","target":{"@type":"EntryPoint","urlTemplate":"https:\/\/www.anneisopp.at\/?s={search_term_string}"},"query-input":"required name=search_term_string"}],"inLanguage":"de-DE"}]}},"_links":{"self":[{"href":"https:\/\/www.anneisopp.at\/index.php?rest_route=\/wp\/v2\/pages\/14"}],"collection":[{"href":"https:\/\/www.anneisopp.at\/index.php?rest_route=\/wp\/v2\/pages"}],"about":[{"href":"https:\/\/www.anneisopp.at\/index.php?rest_route=\/wp\/v2\/types\/page"}],"author":[{"embeddable":true,"href":"https:\/\/www.anneisopp.at\/index.php?rest_route=\/wp\/v2\/users\/1"}],"replies":[{"embeddable":true,"href":"https:\/\/www.anneisopp.at\/index.php?rest_route=%2Fwp%2Fv2%2Fcomments&post=14"}],"version-history":[{"count":49,"href":"https:\/\/www.anneisopp.at\/index.php?rest_route=\/wp\/v2\/pages\/14\/revisions"}],"predecessor-version":[{"id":1518,"href":"https:\/\/www.anneisopp.at\/index.php?rest_route=\/wp\/v2\/pages\/14\/revisions\/1518"}],"wp:attachment":[{"href":"https:\/\/www.anneisopp.at\/index.php?rest_route=%2Fwp%2Fv2%2Fmedia&parent=14"}],"curies":[{"name":"wp","href":"https:\/\/api.w.org\/{rel}","templated":true}]}}